{"id":76314,"date":"2026-03-12T22:55:31","date_gmt":"2026-03-12T22:55:31","guid":{"rendered":"https:\/\/joutia.shop\/?post_type=product&#038;p=76314"},"modified":"2026-03-12T22:55:35","modified_gmt":"2026-03-12T22:55:35","slug":"zinz-sac-a-dos-fin-pour-ordinateur-portable-156-avec-capacite-variable-sac-a-dos-daffaires-antivol-sac-a-dos-de-voyage-en-cuir-resistant-a-leau","status":"publish","type":"product","link":"https:\/\/joutia.shop\/en\/product\/zinz-sac-a-dos-fin-pour-ordinateur-portable-156-avec-capacite-variable-sac-a-dos-daffaires-antivol-sac-a-dos-de-voyage-en-cuir-resistant-a-leau\/","title":{"rendered":"ZINZ Sac \u00e0 Dos Fin pour Ordinateur Portable 15,6&Prime; avec Capacit\u00e9 Variable, Sac \u00e0 Dos d&rsquo;affaires Antivol, Sac \u00e0 Dos de Voyage en Cuir R\u00e9sistant \u00e0 l&rsquo;eau"},"content":{"rendered":"<h2>ZINZ Sac \u00e0 Dos Fin pour Ordinateur Portable 15,6&Prime; avec Capacit\u00e9 Variable, Sac \u00e0 Dos d&rsquo;affaires Antivol, Sac \u00e0 Dos de Voyage en Cuir R\u00e9sistant \u00e0 l&rsquo;eau<\/h2>\n<p>Le produit <strong>ZINZ Sac \u00e0 Dos Fin pour Ordinateur Portable 15,6&Prime; avec Capacit\u00e9 Variable, Sac \u00e0 Dos d&rsquo;affaires Antivol, Sac \u00e0 Dos de Voyage en Cuir R\u00e9sistant \u00e0 l&rsquo;eau<\/strong> est con\u00e7u pour offrir performance et fiabilit\u00e9.<\/p>\n<p>Ce produit est id\u00e9al pour une utilisation quotidienne et r\u00e9pond parfaitement aux besoins des utilisateurs recherchant qualit\u00e9 et efficacit\u00e9.<\/p>\n<h3>Caract\u00e9ristiques principales<\/h3>\n<ul>\n<li>Conception robuste<\/li>\n<li>Utilisation simple<\/li>\n<li>Performance fiable<\/li>\n<\/ul>","protected":false},"excerpt":{"rendered":"<p>ZINZ Sac \u00e0 Dos Fin pour Ordinateur Portable 15,6&Prime; avec Capacit\u00e9 Variable, Sac \u00e0 Dos d&rsquo;affaires Antivol, Sac \u00e0 Dos de Voyage en Cuir R\u00e9sistant \u00e0 l&rsquo;eau &#8211; produit de qualit\u00e9 con\u00e7u pour un usage quotidien.<\/p>","protected":false},"featured_media":75941,"comment_status":"open","ping_status":"closed","template":"","meta":[],"product_brand":[],"product_cat":[305],"product_tag":[306],"class_list":{"0":"post-76314","1":"product","2":"type-product","3":"status-publish","4":"has-post-thumbnail","6":"product_cat-informatique","7":"product_tag-ordinateur-portable","9":"first","10":"instock","11":"shipping-taxable","12":"product-type-external"},"_links":{"self":[{"href":"https:\/\/joutia.shop\/en\/wp-json\/wp\/v2\/product\/76314","targetHints":{"allow":["GET"]}}],"collection":[{"href":"https:\/\/joutia.shop\/en\/wp-json\/wp\/v2\/product"}],"about":[{"href":"https:\/\/joutia.shop\/en\/wp-json\/wp\/v2\/types\/product"}],"replies":[{"embeddable":true,"href":"https:\/\/joutia.shop\/en\/wp-json\/wp\/v2\/comments?post=76314"}],"wp:featuredmedia":[{"embeddable":true,"href":"https:\/\/joutia.shop\/en\/wp-json\/wp\/v2\/media\/75941"}],"wp:attachment":[{"href":"https:\/\/joutia.shop\/en\/wp-json\/wp\/v2\/media?parent=76314"}],"wp:term":[{"taxonomy":"product_brand","embeddable":true,"href":"https:\/\/joutia.shop\/en\/wp-json\/wp\/v2\/product_brand?post=76314"},{"taxonomy":"product_cat","embeddable":true,"href":"https:\/\/joutia.shop\/en\/wp-json\/wp\/v2\/product_cat?post=76314"},{"taxonomy":"product_tag","embeddable":true,"href":"https:\/\/joutia.shop\/en\/wp-json\/wp\/v2\/product_tag?post=76314"}],"curies":[{"name":"wp","href":"https:\/\/api.w.org\/{rel}","templated":true}]}}