{"id":76310,"date":"2026-03-12T22:55:31","date_gmt":"2026-03-12T22:55:31","guid":{"rendered":"https:\/\/joutia.shop\/?post_type=product&#038;p=76310"},"modified":"2026-03-12T22:55:34","modified_gmt":"2026-03-12T22:55:34","slug":"lenovo-yoga-pro-7-14iah10-ordinateur-portable-ultrafin-14-3k-oled-120hz-tactile-intel-arrow-ultra-9h-ram-32go-ssd-1to-graphique-intel-arc-windows-11h-clavier-retroeclaire-azerty-gris","status":"publish","type":"product","link":"https:\/\/joutia.shop\/en\/product\/lenovo-yoga-pro-7-14iah10-ordinateur-portable-ultrafin-14-3k-oled-120hz-tactile-intel-arrow-ultra-9h-ram-32go-ssd-1to-graphique-intel-arc-windows-11h-clavier-retroeclaire-azerty-gris\/","title":{"rendered":"Lenovo Yoga Pro 7 14IAH10 &#8211; Ordinateur Portable Ultrafin 14\u00a0\u00bb 3K OLED 120Hz Tactile (Intel Arrow Ultra 9H, RAM 32Go, SSD 1To, Graphique Intel Arc, Windows 11H) Clavier r\u00e9tro\u00e9clair\u00e9 AZERTY &#8211; Gris"},"content":{"rendered":"<h2>Lenovo Yoga Pro 7 14IAH10 &#8211; Ordinateur Portable Ultrafin 14\u00a0\u00bb 3K OLED 120Hz Tactile (Intel Arrow Ultra 9H, RAM 32Go, SSD 1To, Graphique Intel Arc, Windows 11H) Clavier r\u00e9tro\u00e9clair\u00e9 AZERTY &#8211; Gris<\/h2>\n<p>Le produit <strong>Lenovo Yoga Pro 7 14IAH10 &#8211; Ordinateur Portable Ultrafin 14\u00a0\u00bb 3K OLED 120Hz Tactile (Intel Arrow Ultra 9H, RAM 32Go, SSD 1To, Graphique Intel Arc, Windows 11H) Clavier r\u00e9tro\u00e9clair\u00e9 AZERTY &#8211; Gris<\/strong> est con\u00e7u pour offrir performance et fiabilit\u00e9.<\/p>\n<p>Ce produit est id\u00e9al pour une utilisation quotidienne et r\u00e9pond parfaitement aux besoins des utilisateurs recherchant qualit\u00e9 et efficacit\u00e9.<\/p>\n<h3>Caract\u00e9ristiques principales<\/h3>\n<ul>\n<li>Conception robuste<\/li>\n<li>Utilisation simple<\/li>\n<li>Performance fiable<\/li>\n<\/ul>","protected":false},"excerpt":{"rendered":"<p>Lenovo Yoga Pro 7 14IAH10 &#8211; Ordinateur Portable Ultrafin 14\u00a0\u00bb 3K OLED 120Hz Tactile (Intel Arrow Ultra 9H, RAM 32Go, SSD 1To, Graphique Intel Arc, Windows 11H) Clavier r\u00e9tro\u00e9clair\u00e9 AZERTY &#8211; Gris &#8211; produit de qualit\u00e9 con\u00e7u pour un usage quotidien.<\/p>","protected":false},"featured_media":76196,"comment_status":"open","ping_status":"closed","template":"","meta":[],"product_brand":[],"product_cat":[305],"product_tag":[306],"class_list":{"0":"post-76310","1":"product","2":"type-product","3":"status-publish","4":"has-post-thumbnail","6":"product_cat-informatique","7":"product_tag-ordinateur-portable","9":"first","10":"instock","11":"shipping-taxable","12":"product-type-external"},"_links":{"self":[{"href":"https:\/\/joutia.shop\/en\/wp-json\/wp\/v2\/product\/76310","targetHints":{"allow":["GET"]}}],"collection":[{"href":"https:\/\/joutia.shop\/en\/wp-json\/wp\/v2\/product"}],"about":[{"href":"https:\/\/joutia.shop\/en\/wp-json\/wp\/v2\/types\/product"}],"replies":[{"embeddable":true,"href":"https:\/\/joutia.shop\/en\/wp-json\/wp\/v2\/comments?post=76310"}],"wp:featuredmedia":[{"embeddable":true,"href":"https:\/\/joutia.shop\/en\/wp-json\/wp\/v2\/media\/76196"}],"wp:attachment":[{"href":"https:\/\/joutia.shop\/en\/wp-json\/wp\/v2\/media?parent=76310"}],"wp:term":[{"taxonomy":"product_brand","embeddable":true,"href":"https:\/\/joutia.shop\/en\/wp-json\/wp\/v2\/product_brand?post=76310"},{"taxonomy":"product_cat","embeddable":true,"href":"https:\/\/joutia.shop\/en\/wp-json\/wp\/v2\/product_cat?post=76310"},{"taxonomy":"product_tag","embeddable":true,"href":"https:\/\/joutia.shop\/en\/wp-json\/wp\/v2\/product_tag?post=76310"}],"curies":[{"name":"wp","href":"https:\/\/api.w.org\/{rel}","templated":true}]}}