{"id":76299,"date":"2026-03-12T22:55:31","date_gmt":"2026-03-12T22:55:31","guid":{"rendered":"https:\/\/joutia.shop\/?post_type=product&#038;p=76299"},"modified":"2026-03-12T22:55:33","modified_gmt":"2026-03-12T22:55:33","slug":"housse-portable-14-pouces-pochette-ordinateur-avec-bandouliere-pour-14-macbook-pro-m4-m3-m2-m1-2024-2021-chromebook-notebook-impermeable-sacoche-de-protection-pc-gris-fonce","status":"publish","type":"product","link":"https:\/\/joutia.shop\/en\/product\/housse-portable-14-pouces-pochette-ordinateur-avec-bandouliere-pour-14-macbook-pro-m4-m3-m2-m1-2024-2021-chromebook-notebook-impermeable-sacoche-de-protection-pc-gris-fonce\/","title":{"rendered":"Housse Portable 14 Pouces Pochette Ordinateur avec Bandouli\u00e8re pour 14\u201d MacBook Pro M4\/M3\/M2\/M1 2024-2021 Chromebook Notebook, Imperm\u00e9able Sacoche de Protection PC, Gris Fonc\u00e9"},"content":{"rendered":"<h2>Housse Portable 14 Pouces Pochette Ordinateur avec Bandouli\u00e8re pour 14\u201d MacBook Pro M4\/M3\/M2\/M1 2024-2021 Chromebook Notebook, Imperm\u00e9able Sacoche de Protection PC, Gris Fonc\u00e9<\/h2>\n<p>Le produit <strong>Housse Portable 14 Pouces Pochette Ordinateur avec Bandouli\u00e8re pour 14\u201d MacBook Pro M4\/M3\/M2\/M1 2024-2021 Chromebook Notebook, Imperm\u00e9able Sacoche de Protection PC, Gris Fonc\u00e9<\/strong> est con\u00e7u pour offrir performance et fiabilit\u00e9.<\/p>\n<p>Ce produit est id\u00e9al pour une utilisation quotidienne et r\u00e9pond parfaitement aux besoins des utilisateurs recherchant qualit\u00e9 et efficacit\u00e9.<\/p>\n<h3>Caract\u00e9ristiques principales<\/h3>\n<ul>\n<li>Conception robuste<\/li>\n<li>Utilisation simple<\/li>\n<li>Performance fiable<\/li>\n<\/ul>","protected":false},"excerpt":{"rendered":"<p>Housse Portable 14 Pouces Pochette Ordinateur avec Bandouli\u00e8re pour 14\u201d MacBook Pro M4\/M3\/M2\/M1 2024-2021 Chromebook Notebook, Imperm\u00e9able Sacoche de Protection PC, Gris Fonc\u00e9 &#8211; produit de qualit\u00e9 con\u00e7u pour un usage quotidien.<\/p>","protected":false},"featured_media":75827,"comment_status":"open","ping_status":"closed","template":"","meta":[],"product_brand":[],"product_cat":[305],"product_tag":[306],"class_list":{"0":"post-76299","1":"product","2":"type-product","3":"status-publish","4":"has-post-thumbnail","6":"product_cat-informatique","7":"product_tag-ordinateur-portable","9":"first","10":"instock","11":"shipping-taxable","12":"product-type-external"},"_links":{"self":[{"href":"https:\/\/joutia.shop\/en\/wp-json\/wp\/v2\/product\/76299","targetHints":{"allow":["GET"]}}],"collection":[{"href":"https:\/\/joutia.shop\/en\/wp-json\/wp\/v2\/product"}],"about":[{"href":"https:\/\/joutia.shop\/en\/wp-json\/wp\/v2\/types\/product"}],"replies":[{"embeddable":true,"href":"https:\/\/joutia.shop\/en\/wp-json\/wp\/v2\/comments?post=76299"}],"wp:featuredmedia":[{"embeddable":true,"href":"https:\/\/joutia.shop\/en\/wp-json\/wp\/v2\/media\/75827"}],"wp:attachment":[{"href":"https:\/\/joutia.shop\/en\/wp-json\/wp\/v2\/media?parent=76299"}],"wp:term":[{"taxonomy":"product_brand","embeddable":true,"href":"https:\/\/joutia.shop\/en\/wp-json\/wp\/v2\/product_brand?post=76299"},{"taxonomy":"product_cat","embeddable":true,"href":"https:\/\/joutia.shop\/en\/wp-json\/wp\/v2\/product_cat?post=76299"},{"taxonomy":"product_tag","embeddable":true,"href":"https:\/\/joutia.shop\/en\/wp-json\/wp\/v2\/product_tag?post=76299"}],"curies":[{"name":"wp","href":"https:\/\/api.w.org\/{rel}","templated":true}]}}