{"id":71260,"date":"2024-11-01T19:00:53","date_gmt":"2024-11-01T19:00:53","guid":{"rendered":"https:\/\/maroon-ibex-988135.hostingersite.com\/?page_id=71260"},"modified":"2026-03-23T22:52:44","modified_gmt":"2026-03-23T22:52:44","slug":"our-services","status":"publish","type":"page","link":"https:\/\/joutia.shop\/en\/our-services\/","title":{"rendered":"Our Services"},"content":{"rendered":"<div data-elementor-type=\"wp-page\" data-elementor-id=\"71260\" class=\"elementor elementor-71260\" data-elementor-post-type=\"page\">\n\t\t\t\t\t\t<section class=\"elementor-section elementor-top-section elementor-element elementor-element-0176d08 elementor-section-boxed elementor-section-height-default elementor-section-height-default sc_fly_static\" data-id=\"0176d08\" data-element_type=\"section\" data-e-type=\"section\">\n\t\t\t\t\t\t<div class=\"elementor-container elementor-column-gap-extended\">\n\t\t\t\t\t<div class=\"elementor-column elementor-col-100 elementor-top-column elementor-element elementor-element-438e33f sc_content_align_inherit sc_layouts_column_icons_position_left sc_fly_static\" data-id=\"438e33f\" data-element_type=\"column\" data-e-type=\"column\">\n\t\t\t<div class=\"elementor-widget-wrap elementor-element-populated\">\n\t\t\t\t\t\t<div class=\"elementor-element elementor-element-c2194f0 sc_height_huge sc_fly_static elementor-widget elementor-widget-spacer\" data-id=\"c2194f0\" data-element_type=\"widget\" data-e-type=\"widget\" data-widget_type=\"spacer.default\">\n\t\t\t\t<div class=\"elementor-widget-container\">\n\t\t\t\t\t\t\t<div class=\"elementor-spacer\">\n\t\t\t<div class=\"elementor-spacer-inner\"><\/div>\n\t\t<\/div>\n\t\t\t\t\t\t<\/div>\n\t\t\t\t<\/div>\n\t\t\t\t<div class=\"elementor-element elementor-element-40133d8 sc_fly_static elementor-widget elementor-widget-spacer\" data-id=\"40133d8\" data-element_type=\"widget\" data-e-type=\"widget\" data-widget_type=\"spacer.default\">\n\t\t\t\t<div class=\"elementor-widget-container\">\n\t\t\t\t\t\t\t<div class=\"elementor-spacer\">\n\t\t\t<div class=\"elementor-spacer-inner\"><\/div>\n\t\t<\/div>\n\t\t\t\t\t\t<\/div>\n\t\t\t\t<\/div>\n\t\t\t\t\t<\/div>\n\t\t<\/div>\n\t\t\t\t\t<\/div>\n\t\t<\/section>\n\t\t\t\t<section class=\"elementor-section elementor-top-section elementor-element elementor-element-7aea1e8c elementor-section-boxed elementor-section-height-default elementor-section-height-default sc_fly_static\" data-id=\"7aea1e8c\" data-element_type=\"section\" data-e-type=\"section\">\n\t\t\t\t\t\t<div class=\"elementor-container elementor-column-gap-extended\">\n\t\t\t\t\t<div class=\"elementor-column elementor-col-100 elementor-top-column elementor-element elementor-element-3a32e53d sc_content_align_inherit sc_layouts_column_icons_position_left sc_fly_static\" data-id=\"3a32e53d\" data-element_type=\"column\" data-e-type=\"column\">\n\t\t\t<div class=\"elementor-widget-wrap elementor-element-populated\">\n\t\t\t\t\t\t<div class=\"elementor-element elementor-element-1832c3b2 sc_fly_static elementor-widget elementor-widget-spacer\" data-id=\"1832c3b2\" data-element_type=\"widget\" data-e-type=\"widget\" data-widget_type=\"spacer.default\">\n\t\t\t\t<div class=\"elementor-widget-container\">\n\t\t\t\t\t\t\t<div class=\"elementor-spacer\">\n\t\t\t<div class=\"elementor-spacer-inner\"><\/div>\n\t\t<\/div>\n\t\t\t\t\t\t<\/div>\n\t\t\t\t<\/div>\n\t\t\t\t<div class=\"elementor-element elementor-element-505a66be sc_fly_static elementor-widget elementor-widget-text-editor\" data-id=\"505a66be\" data-element_type=\"widget\" data-e-type=\"widget\" data-widget_type=\"text-editor.default\">\n\t\t\t\t<div class=\"elementor-widget-container\">\n\t\t\t\t\t\t\t\t\t<p>Chez <strong data-start=\"268\" data-end=\"278\">Joutia<\/strong>, nous vous accompagnons dans la d\u00e9couverte des meilleurs produits technologiques en ligne. Notre plateforme vous aide \u00e0 comparer, choisir et acc\u00e9der rapidement aux meilleures offres du march\u00e9.<\/p>\t\t\t\t\t\t\t\t<\/div>\n\t\t\t\t<\/div>\n\t\t\t\t\t<\/div>\n\t\t<\/div>\n\t\t\t\t\t<\/div>\n\t\t<\/section>\n\t\t\t\t<section class=\"elementor-section elementor-top-section elementor-element elementor-element-4e28b7e5 elementor-section-boxed elementor-section-height-default elementor-section-height-default sc_fly_static\" data-id=\"4e28b7e5\" data-element_type=\"section\" data-e-type=\"section\">\n\t\t\t\t\t\t<div class=\"elementor-container elementor-column-gap-extended\">\n\t\t\t\t\t<div class=\"elementor-column elementor-col-100 elementor-top-column elementor-element elementor-element-4c0ad1b5 sc_content_align_inherit sc_layouts_column_icons_position_left sc_fly_static\" data-id=\"4c0ad1b5\" data-element_type=\"column\" data-e-type=\"column\">\n\t\t\t<div class=\"elementor-widget-wrap elementor-element-populated\">\n\t\t\t\t\t\t<div class=\"elementor-element elementor-element-36197cca sc_fly_static elementor-widget elementor-widget-spacer\" data-id=\"36197cca\" data-element_type=\"widget\" data-e-type=\"widget\" data-widget_type=\"spacer.default\">\n\t\t\t\t<div class=\"elementor-widget-container\">\n\t\t\t\t\t\t\t<div class=\"elementor-spacer\">\n\t\t\t<div class=\"elementor-spacer-inner\"><\/div>\n\t\t<\/div>\n\t\t\t\t\t\t<\/div>\n\t\t\t\t<\/div>\n\t\t\t\t<div class=\"elementor-element elementor-element-656c908a sc_fly_static elementor-widget elementor-widget-trx_sc_icons\" data-id=\"656c908a\" data-element_type=\"widget\" data-e-type=\"widget\" data-widget_type=\"trx_sc_icons.default\">\n\t\t\t\t<div class=\"elementor-widget-container\">\n\t\t\t\t\t<div \tclass=\"sc_icons sc_icons_divider sc_icons_size_medium sc_align_none\" ><div class=\"sc_icons_columns_wrap sc_item_columns trx_addons_columns_wrap columns_padding_bottom columns_in_single_row\" ><div class=\"trx_addons_column-1_4 trx_addons_column-1_2-tablet trx_addons_column-1_2-mobile\"><div class=\"sc_icons_item\"><div class=\"sc_icons_icon sc_icon_type_ icon-new-smartphones\" ><span class=\"sc_icon_type_ icon-new-smartphones\"><\/span><\/div><div class=\"sc_icons_item_details\"><h4 class=\"sc_icons_item_title\"><span>D\u00e9couverte de produits<\/span><\/h4><div class=\"sc_icons_item_description\"><span>Acc\u00e9dez \u00e0 une large s\u00e9lection de gadgets et produits \u00e9lectroniques soigneusement s\u00e9lectionn\u00e9s.<\/span><\/div><\/div><\/div><\/div><div class=\"trx_addons_column-1_4 trx_addons_column-1_2-tablet trx_addons_column-1_2-mobile\"><div class=\"sc_icons_item\"><div class=\"sc_icons_icon sc_icon_type_ icon-new-tablets\" ><span class=\"sc_icon_type_ icon-new-tablets\"><\/span><\/div><div class=\"sc_icons_item_details\"><h4 class=\"sc_icons_item_title\"><span>Comparaison simplifi\u00e9e<\/span><\/h4><div class=\"sc_icons_item_description\"><span>Comparez facilement les caract\u00e9ristiques et les prix pour faire le meilleur choix.<\/span><\/div><\/div><\/div><\/div><div class=\"trx_addons_column-1_4 trx_addons_column-1_2-tablet trx_addons_column-1_2-mobile\"><div class=\"sc_icons_item with_more\"><div class=\"sc_icons_icon sc_icon_type_ icon-new-desktop\" ><span class=\"sc_icon_type_ icon-new-desktop\"><\/span><\/div><div class=\"sc_icons_item_details\"><h4 class=\"sc_icons_item_title\"><span>Recommandations fiables<\/span><\/h4><div class=\"sc_icons_item_description\"><span>Nous mettons en avant des produits populaires et bien \u00e9valu\u00e9s pour garantir votre satisfaction.<\/span><\/div><\/div><\/div><\/div><div class=\"trx_addons_column-1_4 trx_addons_column-1_2-tablet trx_addons_column-1_2-mobile\"><div class=\"sc_icons_item\"><div class=\"sc_icons_icon sc_icon_type_ icon-new-laptops\" ><span class=\"sc_icon_type_ icon-new-laptops\"><\/span><\/div><div class=\"sc_icons_item_details\"><h4 class=\"sc_icons_item_title\"><span>Acc\u00e8s rapide aux offres<\/span><\/h4><div class=\"sc_icons_item_description\"><span>Acc\u00e9dez directement aux plateformes partenaires pour finaliser vos achats en toute s\u00e9curit\u00e9.<\/span><\/div><\/div><\/div><\/div><\/div><\/div><!-- \/.sc_icons -->\t\t\t\t<\/div>\n\t\t\t\t<\/div>\n\t\t\t\t\t<\/div>\n\t\t<\/div>\n\t\t\t\t\t<\/div>\n\t\t<\/section>\n\t\t\t\t<section class=\"elementor-section elementor-top-section elementor-element elementor-element-237f2ad elementor-section-boxed elementor-section-height-default elementor-section-height-default sc_fly_static\" data-id=\"237f2ad\" data-element_type=\"section\" data-e-type=\"section\">\n\t\t\t\t\t\t<div class=\"elementor-container elementor-column-gap-extended\">\n\t\t\t\t\t<div class=\"elementor-column elementor-col-100 elementor-top-column elementor-element elementor-element-d2b3d2a sc_content_align_inherit sc_layouts_column_icons_position_left sc_fly_static\" data-id=\"d2b3d2a\" data-element_type=\"column\" data-e-type=\"column\">\n\t\t\t<div class=\"elementor-widget-wrap elementor-element-populated\">\n\t\t\t\t\t\t<div class=\"elementor-element elementor-element-f12d2c0 sc_height_huge sc_fly_static elementor-widget elementor-widget-spacer\" data-id=\"f12d2c0\" data-element_type=\"widget\" data-e-type=\"widget\" data-widget_type=\"spacer.default\">\n\t\t\t\t<div class=\"elementor-widget-container\">\n\t\t\t\t\t\t\t<div class=\"elementor-spacer\">\n\t\t\t<div class=\"elementor-spacer-inner\"><\/div>\n\t\t<\/div>\n\t\t\t\t\t\t<\/div>\n\t\t\t\t<\/div>\n\t\t\t\t<div class=\"elementor-element elementor-element-21cff20 sc_fly_static elementor-widget elementor-widget-spacer\" data-id=\"21cff20\" data-element_type=\"widget\" data-e-type=\"widget\" data-widget_type=\"spacer.default\">\n\t\t\t\t<div class=\"elementor-widget-container\">\n\t\t\t\t\t\t\t<div class=\"elementor-spacer\">\n\t\t\t<div class=\"elementor-spacer-inner\"><\/div>\n\t\t<\/div>\n\t\t\t\t\t\t<\/div>\n\t\t\t\t<\/div>\n\t\t\t\t\t<\/div>\n\t\t<\/div>\n\t\t\t\t\t<\/div>\n\t\t<\/section>\n\t\t\t\t<section class=\"elementor-section elementor-top-section elementor-element elementor-element-fc2e177 elementor-section-boxed elementor-section-height-default elementor-section-height-default sc_fly_static\" data-id=\"fc2e177\" data-element_type=\"section\" data-e-type=\"section\" data-settings=\"{&quot;background_background&quot;:&quot;classic&quot;}\">\n\t\t\t\t\t\t<div class=\"elementor-container elementor-column-gap-extended\">\n\t\t\t\t\t<div class=\"elementor-column elementor-col-100 elementor-top-column elementor-element elementor-element-ce18707 sc_content_align_inherit sc_layouts_column_icons_position_left sc_fly_static\" data-id=\"ce18707\" data-element_type=\"column\" data-e-type=\"column\">\n\t\t\t<div class=\"elementor-widget-wrap elementor-element-populated\">\n\t\t\t\t\t\t<div class=\"elementor-element elementor-element-0704a66 sc_height_huge sc_fly_static elementor-widget elementor-widget-spacer\" data-id=\"0704a66\" data-element_type=\"widget\" data-e-type=\"widget\" data-widget_type=\"spacer.default\">\n\t\t\t\t<div class=\"elementor-widget-container\">\n\t\t\t\t\t\t\t<div class=\"elementor-spacer\">\n\t\t\t<div class=\"elementor-spacer-inner\"><\/div>\n\t\t<\/div>\n\t\t\t\t\t\t<\/div>\n\t\t\t\t<\/div>\n\t\t\t\t\t<\/div>\n\t\t<\/div>\n\t\t\t\t\t<\/div>\n\t\t<\/section>\n\t\t\t\t<section class=\"elementor-section elementor-top-section elementor-element elementor-element-3a879d7 elementor-section-boxed elementor-section-height-default elementor-section-height-default sc_fly_static\" data-id=\"3a879d7\" data-element_type=\"section\" data-e-type=\"section\">\n\t\t\t\t\t\t<div class=\"elementor-container elementor-column-gap-extended\">\n\t\t\t\t\t<div class=\"elementor-column elementor-col-100 elementor-top-column elementor-element elementor-element-eaa2bc4 sc_content_align_inherit sc_layouts_column_icons_position_left sc_fly_static\" data-id=\"eaa2bc4\" data-element_type=\"column\" data-e-type=\"column\">\n\t\t\t<div class=\"elementor-widget-wrap elementor-element-populated\">\n\t\t\t\t\t\t<div class=\"elementor-element elementor-element-52bdb30 sc_height_huge sc_fly_static elementor-widget elementor-widget-spacer\" data-id=\"52bdb30\" data-element_type=\"widget\" data-e-type=\"widget\" data-widget_type=\"spacer.default\">\n\t\t\t\t<div class=\"elementor-widget-container\">\n\t\t\t\t\t\t\t<div class=\"elementor-spacer\">\n\t\t\t<div class=\"elementor-spacer-inner\"><\/div>\n\t\t<\/div>\n\t\t\t\t\t\t<\/div>\n\t\t\t\t<\/div>\n\t\t\t\t\t<\/div>\n\t\t<\/div>\n\t\t\t\t\t<\/div>\n\t\t<\/section>\n\t\t\t\t<section class=\"elementor-section elementor-top-section elementor-element elementor-element-2788f043 elementor-section-boxed elementor-section-height-default elementor-section-height-default sc_fly_static\" data-id=\"2788f043\" data-element_type=\"section\" data-e-type=\"section\">\n\t\t\t\t\t\t<div class=\"elementor-container elementor-column-gap-extended\">\n\t\t\t\t\t<div class=\"elementor-column elementor-col-50 elementor-top-column elementor-element elementor-element-1d049f00 sc_column_fixed sc_content_align_inherit sc_layouts_column_icons_position_left sc_fly_static\" data-id=\"1d049f00\" data-element_type=\"column\" data-e-type=\"column\">\n\t\t\t<div class=\"elementor-widget-wrap elementor-element-populated\">\n\t\t\t\t\t\t<div class=\"elementor-element elementor-element-3d53a38f sc_layouts_hide_on_mobile sc_fly_static elementor-widget elementor-widget-spacer\" data-id=\"3d53a38f\" data-element_type=\"widget\" data-e-type=\"widget\" data-widget_type=\"spacer.default\">\n\t\t\t\t<div class=\"elementor-widget-container\">\n\t\t\t\t\t\t\t<div class=\"elementor-spacer\">\n\t\t\t<div class=\"elementor-spacer-inner\"><\/div>\n\t\t<\/div>\n\t\t\t\t\t\t<\/div>\n\t\t\t\t<\/div>\n\t\t\t\t<div class=\"elementor-element elementor-element-2f2c8b36 elementor-widget__width-initial sc_fly_static elementor-widget elementor-widget-trx_sc_title\" data-id=\"2f2c8b36\" data-element_type=\"widget\" data-e-type=\"widget\" data-widget_type=\"trx_sc_title.default\">\n\t\t\t\t<div class=\"elementor-widget-container\">\n\t\t\t\t\t<div\t\tclass=\"sc_title sc_title_default\" ><h1 class=\"sc_item_title sc_title_title sc_item_title_style_default sc_item_title_tag trx_addons_inline_1861307511\"\n\t\t\t><span class=\"sc_item_title_text\">Qui sommes-nous et comment \u00e7a fonctionne<\/span><\/h1><div class=\"sc_item_descr sc_title_descr\"><p>Joutia est une plateforme sp\u00e9cialis\u00e9e dans la d\u00e9couverte de produits technologiques. Nous facilitons votre recherche en regroupant les meilleures offres disponibles sur les plateformes e-commerce.<\/p>\n<\/div><\/div>\t\t\t\t<\/div>\n\t\t\t\t<\/div>\n\t\t\t\t\t<\/div>\n\t\t<\/div>\n\t\t\t\t<div class=\"elementor-column elementor-col-50 elementor-top-column elementor-element elementor-element-4376e20 sc_content_align_inherit sc_layouts_column_icons_position_left sc_fly_static\" data-id=\"4376e20\" data-element_type=\"column\" data-e-type=\"column\">\n\t\t\t<div class=\"elementor-widget-wrap elementor-element-populated\">\n\t\t\t\t\t\t<div class=\"elementor-element elementor-element-6226214c sc_fly_static elementor-widget elementor-widget-spacer\" data-id=\"6226214c\" data-element_type=\"widget\" data-e-type=\"widget\" data-widget_type=\"spacer.default\">\n\t\t\t\t<div class=\"elementor-widget-container\">\n\t\t\t\t\t\t\t<div class=\"elementor-spacer\">\n\t\t\t<div class=\"elementor-spacer-inner\"><\/div>\n\t\t<\/div>\n\t\t\t\t\t\t<\/div>\n\t\t\t\t<\/div>\n\t\t\t\t<div data-animation-type=\"sequental\" data-animation-stagger=\"\" class=\"elementor-element elementor-element-505dd67 animated-slow animation_type_sequental sc_fly_static elementor-invisible elementor-widget elementor-widget-trx_sc_services\" data-id=\"505dd67\" data-element_type=\"widget\" data-e-type=\"widget\" data-settings=\"{&quot;_animation_delay&quot;:600,&quot;_animation&quot;:&quot;fadeInUp&quot;}\" data-widget_type=\"trx_sc_services.default\">\n\t\t\t\t<div class=\"elementor-widget-container\">\n\t\t\t\t\t<div class=\"sc_services sc_services_qw-nodes sc_services_featured_left\"><div class=\"sc_services_content sc_item_content sc_item_posts_container sc_item_columns_1\"><div data-post-id=\"65898\" class=\"sc_services_item sc_item_container post_container with_content with_icon sc_services_item_featured_left post-65898 cpt_services type-cpt_services status-publish hentry cpt_services_group-our-process\"><div class=\"sc_services_item_timeline\"><\/div><a href=\"https:\/\/joutia.shop\/en\/services\/initial-inspection\/\"\t\t\tclass=\"sc_services_item_marker sc_services_item_icon sc_icon_type_icons icon-cogs\" style=\"background-color:#dd3333\"><\/a>\t\n\t<div class=\"sc_services_item_info\">\n\t\t\t\t<div class=\"sc_services_item_header\">\n\t\t\t\t\t\t<h4 class=\"sc_services_item_title entry-title\"><a href=\"https:\/\/joutia.shop\/en\/services\/initial-inspection\/\">Analyse des produits<\/a><\/h4><\/div><div class=\"sc_services_item_text\"><p>Sed ut perspiciatis unde omnis iste natus ut perspic iatis unde omnis perspiciatis.<\/p>\n<\/div><\/div>\n<\/div><div data-post-id=\"65899\" class=\"sc_services_item sc_item_container post_container with_content with_icon sc_services_item_featured_left post-65899 cpt_services type-cpt_services status-publish hentry cpt_services_group-our-process\"><div class=\"sc_services_item_timeline\"><\/div><a href=\"https:\/\/joutia.shop\/en\/services\/component-testing\/\"\t\t\tclass=\"sc_services_item_marker sc_services_item_icon sc_icon_type_icons icon-flash\" style=\"background-color:#dd3333\"><\/a>\t\n\t<div class=\"sc_services_item_info\">\n\t\t\t\t<div class=\"sc_services_item_header\">\n\t\t\t\t\t\t<h4 class=\"sc_services_item_title entry-title\"><a href=\"https:\/\/joutia.shop\/en\/services\/component-testing\/\">Acc\u00e8s aux meilleures offres<\/a><\/h4><\/div><div class=\"sc_services_item_text\"><p>Sed ut perspiciatis unde omnis iste natus ut perspic iatis unde omnis perspiciatis.<\/p>\n<\/div><\/div>\n<\/div><div data-post-id=\"65900\" class=\"sc_services_item sc_item_container post_container with_content with_icon sc_services_item_featured_left post-65900 cpt_services type-cpt_services status-publish hentry cpt_services_group-our-process\"><div class=\"sc_services_item_timeline\"><\/div><a href=\"https:\/\/joutia.shop\/en\/services\/repair-replacement\/\"\t\t\tclass=\"sc_services_item_marker sc_services_item_icon sc_icon_type_icons icon-star-filled\" style=\"background-color:#dd3333\"><\/a>\t\n\t<div class=\"sc_services_item_info\">\n\t\t\t\t<div class=\"sc_services_item_header\">\n\t\t\t\t\t\t<h4 class=\"sc_services_item_title entry-title\"><a href=\"https:\/\/joutia.shop\/en\/services\/repair-replacement\/\">S\u00e9lection &amp; recommandations<\/a><\/h4><\/div><div class=\"sc_services_item_text\"><p>Sed ut perspiciatis unde omnis iste natus ut perspic iatis unde omnis perspiciatis.<\/p>\n<\/div><\/div>\n<\/div><div data-post-id=\"65901\" class=\"sc_services_item sc_item_container post_container with_content with_icon sc_services_item_featured_left post-65901 cpt_services type-cpt_services status-publish hentry cpt_services_group-our-process\"><div class=\"sc_services_item_timeline\"><\/div><a href=\"https:\/\/joutia.shop\/en\/services\/customer-approval\/\"\t\t\tclass=\"sc_services_item_marker sc_services_item_icon sc_icon_type_icons trx_addons_icon-balance-scale\" style=\"background-color:#dd3333\"><\/a>\t\n\t<div class=\"sc_services_item_info\">\n\t\t\t\t<div class=\"sc_services_item_header\">\n\t\t\t\t\t\t<h4 class=\"sc_services_item_title entry-title\"><a href=\"https:\/\/joutia.shop\/en\/services\/customer-approval\/\">Comparaison intelligente<\/a><\/h4><\/div><div class=\"sc_services_item_text\"><p>Sed ut perspiciatis unde omnis iste natus ut perspic iatis unde omnis perspiciatis.<\/p>\n<\/div><\/div>\n<\/div><\/div><\/div>\t\t\t\t<\/div>\n\t\t\t\t<\/div>\n\t\t\t\t\t<\/div>\n\t\t<\/div>\n\t\t\t\t\t<\/div>\n\t\t<\/section>\n\t\t\t\t<section class=\"elementor-section elementor-top-section elementor-element elementor-element-0c99916 elementor-section-boxed elementor-section-height-default elementor-section-height-default sc_fly_static\" data-id=\"0c99916\" data-element_type=\"section\" data-e-type=\"section\">\n\t\t\t\t\t\t<div class=\"elementor-container elementor-column-gap-extended\">\n\t\t\t\t\t<div class=\"elementor-column elementor-col-100 elementor-top-column elementor-element elementor-element-64d0976 sc_content_align_inherit sc_layouts_column_icons_position_left sc_fly_static\" data-id=\"64d0976\" data-element_type=\"column\" data-e-type=\"column\">\n\t\t\t<div class=\"elementor-widget-wrap elementor-element-populated\">\n\t\t\t\t\t\t<div class=\"elementor-element elementor-element-67492e1 sc_height_huge sc_fly_static elementor-widget elementor-widget-spacer\" data-id=\"67492e1\" data-element_type=\"widget\" data-e-type=\"widget\" data-widget_type=\"spacer.default\">\n\t\t\t\t<div class=\"elementor-widget-container\">\n\t\t\t\t\t\t\t<div class=\"elementor-spacer\">\n\t\t\t<div class=\"elementor-spacer-inner\"><\/div>\n\t\t<\/div>\n\t\t\t\t\t\t<\/div>\n\t\t\t\t<\/div>\n\t\t\t\t<div class=\"elementor-element elementor-element-587898b sc_fly_static elementor-widget elementor-widget-spacer\" data-id=\"587898b\" data-element_type=\"widget\" data-e-type=\"widget\" data-widget_type=\"spacer.default\">\n\t\t\t\t<div class=\"elementor-widget-container\">\n\t\t\t\t\t\t\t<div class=\"elementor-spacer\">\n\t\t\t<div class=\"elementor-spacer-inner\"><\/div>\n\t\t<\/div>\n\t\t\t\t\t\t<\/div>\n\t\t\t\t<\/div>\n\t\t\t\t\t<\/div>\n\t\t<\/div>\n\t\t\t\t\t<\/div>\n\t\t<\/section>\n\t\t\t\t<\/div>","protected":false},"excerpt":{"rendered":"<p>Chez Joutia, nous vous accompagnons dans la d\u00e9couverte des meilleurs produits technologiques en ligne. Notre plateforme vous aide \u00e0 comparer, choisir et acc\u00e9der rapidement aux meilleures offres du march\u00e9. D\u00e9couverte&hellip;<\/p>","protected":false},"author":1,"featured_media":0,"parent":0,"menu_order":0,"comment_status":"closed","ping_status":"closed","template":"","meta":{"footnotes":""},"class_list":["post-71260","page","type-page","status-publish","hentry"],"_hostinger_reach_plugin_has_subscription_block":false,"_hostinger_reach_plugin_is_elementor":false,"_links":{"self":[{"href":"https:\/\/joutia.shop\/en\/wp-json\/wp\/v2\/pages\/71260","targetHints":{"allow":["GET"]}}],"collection":[{"href":"https:\/\/joutia.shop\/en\/wp-json\/wp\/v2\/pages"}],"about":[{"href":"https:\/\/joutia.shop\/en\/wp-json\/wp\/v2\/types\/page"}],"author":[{"embeddable":true,"href":"https:\/\/joutia.shop\/en\/wp-json\/wp\/v2\/users\/1"}],"replies":[{"embeddable":true,"href":"https:\/\/joutia.shop\/en\/wp-json\/wp\/v2\/comments?post=71260"}],"version-history":[{"count":12,"href":"https:\/\/joutia.shop\/en\/wp-json\/wp\/v2\/pages\/71260\/revisions"}],"predecessor-version":[{"id":79469,"href":"https:\/\/joutia.shop\/en\/wp-json\/wp\/v2\/pages\/71260\/revisions\/79469"}],"wp:attachment":[{"href":"https:\/\/joutia.shop\/en\/wp-json\/wp\/v2\/media?parent=71260"}],"curies":[{"name":"wp","href":"https:\/\/api.w.org\/{rel}","templated":true}]}}